{"id":566,"date":"2022-09-16T13:24:57","date_gmt":"2022-09-16T11:24:57","guid":{"rendered":"http:\/\/tank-cambrai.com\/fr\/?page_id=566"},"modified":"2022-09-16T13:26:45","modified_gmt":"2022-09-16T11:26:45","slug":"manfred-albrecht-von-richthofen","status":"publish","type":"page","link":"http:\/\/tank-cambrai.com\/fr\/manfred-albrecht-von-richthofen\/","title":{"rendered":"Manfred-Albrecht von RICHTHOFEN"},"content":{"rendered":"\t\t<div data-elementor-type=\"wp-page\" data-elementor-id=\"566\" class=\"elementor elementor-566\">\n\t\t\t\t\t\t\t\t\t<section class=\"elementor-section elementor-top-section elementor-element elementor-element-106189f0 elementor-section-boxed elementor-section-height-default elementor-section-height-default\" data-id=\"106189f0\" data-element_type=\"section\">\n\t\t\t\t\t\t\t<div class=\"elementor-background-overlay\"><\/div>\n\t\t\t\t\t\t\t<div class=\"elementor-container elementor-column-gap-default\">\n\t\t\t\t\t<div class=\"elementor-column elementor-col-100 elementor-top-column elementor-element elementor-element-4752134b\" data-id=\"4752134b\" data-element_type=\"column\">\n\t\t\t<div class=\"elementor-widget-wrap elementor-element-populated\">\n\t\t\t\t\t\t\t\t<div class=\"elementor-element elementor-element-e161ff7 elementor-widget elementor-widget-text-editor\" data-id=\"e161ff7\" data-element_type=\"widget\" data-widget_type=\"text-editor.default\">\n\t\t\t\t<div class=\"elementor-widget-container\">\n\t\t\t<style>\/*! elementor - v3.7.5 - 14-09-2022 *\/\n.elementor-widget-text-editor.elementor-drop-cap-view-stacked .elementor-drop-cap{background-color:#818a91;color:#fff}.elementor-widget-text-editor.elementor-drop-cap-view-framed .elementor-drop-cap{color:#818a91;border:3px solid;background-color:transparent}.elementor-widget-text-editor:not(.elementor-drop-cap-view-default) .elementor-drop-cap{margin-top:8px}.elementor-widget-text-editor:not(.elementor-drop-cap-view-default) .elementor-drop-cap-letter{width:1em;height:1em}.elementor-widget-text-editor .elementor-drop-cap{float:left;text-align:center;line-height:1;font-size:50px}.elementor-widget-text-editor .elementor-drop-cap-letter{display:inline-block}<\/style>\t\t\t\t<p class=\"sans_indentation\">n\u00e9 le 02-05-1892 \u00e0 Breslau<\/p><p>Commandant de la Jagdgeschwader I, As de l&rsquo;aviation Allemande avec 80 victoires, d\u00e9cor\u00e9 de l&rsquo;Ordre \u00ab\u00a0Pour le M\u00e9rite\u00a0\u00bb en janvier 1917<\/p><p>Mort en combat a\u00e9rien le 21 avril 1918 \u00e0 Vaux sur Somme pr\u00e8s d&rsquo;Amiens<\/p><p>Une pol\u00e9mique existe sur les circonstances au cours desquelles le Baron Rouge aurait pu \u00eatre abattu en combat a\u00e9rien par le Capitaine Brown du 209e Squadron du Royal Flying Corps, ou par les mitrailleurs au sol de la 24e Compagnie ou de la 53e batterie d&rsquo;artillerie de Campagne Australienne.<\/p><p>Manfred von RICHTHOFEN fut inhum\u00e9 dans un premier temps au Cimeti\u00e8re de Bertangles puis, fin 1918, transf\u00e9r\u00e9 au Cimeti\u00e8re Militaire de Fricourt.<\/p><p>En novembre 1925, son corps fut rapatri\u00e9 et inhum\u00e9 au S\u00fcdfriedhof Cemetery de Wiesbaden en Allemagne.<\/p><p>Philippe Lafarge<\/p>\t\t\t\t\t\t<\/div>\n\t\t\t\t<\/div>\n\t\t\t\t<div class=\"elementor-element elementor-element-bc16953 elementor-widget elementor-widget-image\" data-id=\"bc16953\" data-element_type=\"widget\" data-widget_type=\"image.default\">\n\t\t\t\t<div class=\"elementor-widget-container\">\n\t\t\t<style>\/*! elementor - v3.7.5 - 14-09-2022 *\/\n.elementor-widget-image{text-align:center}.elementor-widget-image a{display:inline-block}.elementor-widget-image a img[src$=\".svg\"]{width:48px}.elementor-widget-image img{vertical-align:middle;display:inline-block}<\/style>\t\t\t\t\t\t\t\t\t<figure class=\"wp-caption\">\n\t\t\t\t\t\t\t\t\t\t<img loading=\"lazy\" decoding=\"async\" width=\"250\" height=\"177\" src=\"http:\/\/tank-cambrai.com\/fr\/wp-content\/uploads\/2022\/09\/tombe-Manfred-Albrecht-von-RICHTHOFEN.jpg\" class=\"attachment-large size-large\" alt=\"\" \/>\t\t\t\t\t\t\t\t\t\t\t<figcaption class=\"widget-image-caption wp-caption-text\">Tombe de Richthofen<\/figcaption>\n\t\t\t\t\t\t\t\t\t\t<\/figure>\n\t\t\t\t\t\t\t\t\t<\/div>\n\t\t\t\t<\/div>\n\t\t\t\t\t<\/div>\n\t\t<\/div>\n\t\t\t\t\t\t\t<\/div>\n\t\t<\/section>\n\t\t\t\t\t\t\t<\/div>\n\t\t","protected":false},"excerpt":{"rendered":"<p>n\u00e9 le 02-05-1892 \u00e0 Breslau Commandant de la Jagdgeschwader I, As de l&rsquo;aviation Allemande avec 80 victoires, d\u00e9cor\u00e9 de l&rsquo;Ordre \u00ab\u00a0Pour le M\u00e9rite\u00a0\u00bb en janvier 1917 Mort en combat a\u00e9rien le 21 avril 1918 \u00e0 Vaux sur Somme pr\u00e8s d&rsquo;Amiens Une pol\u00e9mique existe sur les circonstances au cours desquelles le Baron Rouge aurait pu \u00eatre [&hellip;]<\/p>\n","protected":false},"author":1,"featured_media":0,"parent":0,"menu_order":0,"comment_status":"closed","ping_status":"closed","template":"","meta":{"footnotes":""},"class_list":["post-566","page","type-page","status-publish","hentry"],"_links":{"self":[{"href":"http:\/\/tank-cambrai.com\/fr\/wp-json\/wp\/v2\/pages\/566","targetHints":{"allow":["GET"]}}],"collection":[{"href":"http:\/\/tank-cambrai.com\/fr\/wp-json\/wp\/v2\/pages"}],"about":[{"href":"http:\/\/tank-cambrai.com\/fr\/wp-json\/wp\/v2\/types\/page"}],"author":[{"embeddable":true,"href":"http:\/\/tank-cambrai.com\/fr\/wp-json\/wp\/v2\/users\/1"}],"replies":[{"embeddable":true,"href":"http:\/\/tank-cambrai.com\/fr\/wp-json\/wp\/v2\/comments?post=566"}],"version-history":[{"count":4,"href":"http:\/\/tank-cambrai.com\/fr\/wp-json\/wp\/v2\/pages\/566\/revisions"}],"predecessor-version":[{"id":572,"href":"http:\/\/tank-cambrai.com\/fr\/wp-json\/wp\/v2\/pages\/566\/revisions\/572"}],"wp:attachment":[{"href":"http:\/\/tank-cambrai.com\/fr\/wp-json\/wp\/v2\/media?parent=566"}],"curies":[{"name":"wp","href":"https:\/\/api.w.org\/{rel}","templated":true}]}}