{"id":237,"date":"2022-09-15T13:09:49","date_gmt":"2022-09-15T11:09:49","guid":{"rendered":"http:\/\/tank-cambrai.com\/fr\/?page_id=237"},"modified":"2022-09-15T13:16:18","modified_gmt":"2022-09-15T11:16:18","slug":"musee-militaire-de-cambrai","status":"publish","type":"page","link":"http:\/\/tank-cambrai.com\/fr\/musee-militaire-de-cambrai\/","title":{"rendered":"Mus\u00e9e militaire de Cambrai"},"content":{"rendered":"\t\t<div data-elementor-type=\"wp-page\" data-elementor-id=\"237\" class=\"elementor elementor-237\">\n\t\t\t\t\t\t\t\t\t<section class=\"elementor-section elementor-top-section elementor-element elementor-element-17bd95d1 elementor-section-boxed elementor-section-height-default elementor-section-height-default\" data-id=\"17bd95d1\" data-element_type=\"section\">\n\t\t\t\t\t\t\t<div class=\"elementor-background-overlay\"><\/div>\n\t\t\t\t\t\t\t<div class=\"elementor-container elementor-column-gap-default\">\n\t\t\t\t\t<div class=\"elementor-column elementor-col-100 elementor-top-column elementor-element elementor-element-271f5f6e\" data-id=\"271f5f6e\" data-element_type=\"column\">\n\t\t\t<div class=\"elementor-widget-wrap elementor-element-populated\">\n\t\t\t\t\t\t\t\t<div class=\"elementor-element elementor-element-5c0016a elementor-widget elementor-widget-text-editor\" data-id=\"5c0016a\" data-element_type=\"widget\" data-widget_type=\"text-editor.default\">\n\t\t\t\t<div class=\"elementor-widget-container\">\n\t\t\t<style>\/*! elementor - v3.7.5 - 14-09-2022 *\/\n.elementor-widget-text-editor.elementor-drop-cap-view-stacked .elementor-drop-cap{background-color:#818a91;color:#fff}.elementor-widget-text-editor.elementor-drop-cap-view-framed .elementor-drop-cap{color:#818a91;border:3px solid;background-color:transparent}.elementor-widget-text-editor:not(.elementor-drop-cap-view-default) .elementor-drop-cap{margin-top:8px}.elementor-widget-text-editor:not(.elementor-drop-cap-view-default) .elementor-drop-cap-letter{width:1em;height:1em}.elementor-widget-text-editor .elementor-drop-cap{float:left;text-align:center;line-height:1;font-size:50px}.elementor-widget-text-editor .elementor-drop-cap-letter{display:inline-block}<\/style>\t\t\t\t<p>Le Mus\u00e9e se divise en quatre salles retra\u00e7ant le pass\u00e9 militaire de Cambrai. La premi\u00e8re est enti\u00e8rement consacr\u00e9e au <a href=\"http:\/\/fr.wikipedia.org\/wiki\/1er_r%C3%A9giment_d%27infanterie_de_ligne\">1er R.I<\/a>. Une multitude de documents photographiques et mannequins agr\u00e9mentent cette pi\u00e8ce aux c\u00f4t\u00e9s des objets personnels ayant appartenu \u00e0 une figure embl\u00e9matique du R\u00e9giment: le G\u00e9n\u00e9ral Aubert Fr\u00e8re, commandant du <a href=\"http:\/\/fr.wikipedia.org\/wiki\/1er_r%C3%A9giment_d%27infanterie_de_ligne\">1er R.I<\/a> entre 1919 et 1923, mort en d\u00e9portation au Camp de repr\u00e9sailles du Struthof en Alsace le 14 Juin 1944.<\/p>\n<p><\/p>\n<p>Au cours de la visite, le public traverse les diff\u00e9rentes \u00e9poques premi\u00e8re et seconde guerre mondiale mais \u00e9galement l&rsquo;Afrique du Nord. On peut ainsi d\u00e9couvrir une superbe collection de casques et diff\u00e9rentes tenues et pi\u00e8ces d&rsquo;\u00e9quipements militaires de 14-18. Une tr\u00e8s belle collection d&rsquo;armes, de ba\u00efllonnettes, de munitions de diff\u00e9rents calibres, d&rsquo;instruments de musique et d&rsquo;objets divers s&rsquo;offrent aux yeux des visiteurs. La derni\u00e8re salle accueille plusieurs tenues et \u00e9quipements exceptionnels. Le Mus\u00e9e accueille \u00e9galement quelques vestiges symboliques du <acronym title=\"Centre de s\u00e9lection n\u00b02\">C.S 2<\/acronym>. Ils t\u00e9moignent de la toute derni\u00e8re pr\u00e9sence militaire dans la ville.<\/p>\t\t\t\t\t\t<\/div>\n\t\t\t\t<\/div>\n\t\t\t\t<section class=\"elementor-section elementor-inner-section elementor-element elementor-element-52d669f elementor-section-boxed elementor-section-height-default elementor-section-height-default\" data-id=\"52d669f\" data-element_type=\"section\">\n\t\t\t\t\t\t<div class=\"elementor-container elementor-column-gap-default\">\n\t\t\t\t\t<div class=\"elementor-column elementor-col-50 elementor-inner-column elementor-element elementor-element-8afb1cc\" data-id=\"8afb1cc\" data-element_type=\"column\">\n\t\t\t<div class=\"elementor-widget-wrap elementor-element-populated\">\n\t\t\t\t\t\t\t\t<div class=\"elementor-element elementor-element-d9f73a2 elementor-widget elementor-widget-text-editor\" data-id=\"d9f73a2\" data-element_type=\"widget\" data-widget_type=\"text-editor.default\">\n\t\t\t\t<div class=\"elementor-widget-container\">\n\t\t\t\t\t\t\t<p><span style=\"text-decoration: underline;\">Horaires et tarifs:<\/span><\/p>\n<p>Ouvert les 1<sup>er<\/sup> et 3<sup>\u00e8me<\/sup> dimanche de<br>chaque mois de 15h00 \u00e0 18h00.<br>Entr\u00e9e adulte: 2\u20ac.<br>Entr\u00e9e<br>enfant: 1\u20ac.<\/p>\n<p><\/p>\n<p><span style=\"text-decoration: underline;\">Adresse:<\/span><\/p>\n<p>Le Mus\u00e9e Militaire de Cambrai<br>Cour de la Manutention &#8211;<br>Rue des Capucins<br>Pour tout renseignement:<br>T\u00e9l.<br>03.27.73.21.78<\/p><p><\/p>\t\t\t\t\t\t<\/div>\n\t\t\t\t<\/div>\n\t\t\t\t\t<\/div>\n\t\t<\/div>\n\t\t\t\t<div class=\"elementor-column elementor-col-50 elementor-inner-column elementor-element elementor-element-041bbed\" data-id=\"041bbed\" data-element_type=\"column\">\n\t\t\t<div class=\"elementor-widget-wrap elementor-element-populated\">\n\t\t\t\t\t\t\t\t<div class=\"elementor-element elementor-element-37102d2 elementor-widget elementor-widget-image\" data-id=\"37102d2\" data-element_type=\"widget\" data-widget_type=\"image.default\">\n\t\t\t\t<div class=\"elementor-widget-container\">\n\t\t\t<style>\/*! elementor - v3.7.5 - 14-09-2022 *\/\n.elementor-widget-image{text-align:center}.elementor-widget-image a{display:inline-block}.elementor-widget-image a img[src$=\".svg\"]{width:48px}.elementor-widget-image img{vertical-align:middle;display:inline-block}<\/style>\t\t\t\t\t\t\t\t\t\t\t\t<img loading=\"lazy\" decoding=\"async\" width=\"267\" height=\"200\" src=\"http:\/\/tank-cambrai.com\/fr\/wp-content\/uploads\/2022\/09\/muse\u0301e-militaire-cambrai.jpg\" class=\"attachment-large size-large\" alt=\"\" \/>\t\t\t\t\t\t\t\t\t\t\t\t\t\t\t<\/div>\n\t\t\t\t<\/div>\n\t\t\t\t<div class=\"elementor-element elementor-element-92aa361 elementor-widget elementor-widget-image\" data-id=\"92aa361\" data-element_type=\"widget\" data-widget_type=\"image.default\">\n\t\t\t\t<div class=\"elementor-widget-container\">\n\t\t\t\t\t\t\t\t\t\t\t\t\t\t\t<img loading=\"lazy\" decoding=\"async\" width=\"234\" height=\"160\" src=\"http:\/\/tank-cambrai.com\/fr\/wp-content\/uploads\/2022\/09\/muse\u0301e-militaire-cambrai-exte\u0301rieur.jpg\" class=\"attachment-large size-large\" alt=\"\" \/>\t\t\t\t\t\t\t\t\t\t\t\t\t\t\t<\/div>\n\t\t\t\t<\/div>\n\t\t\t\t\t<\/div>\n\t\t<\/div>\n\t\t\t\t\t\t\t<\/div>\n\t\t<\/section>\n\t\t\t\t<section class=\"elementor-section elementor-inner-section elementor-element elementor-element-aa7774d elementor-section-boxed elementor-section-height-default elementor-section-height-default\" data-id=\"aa7774d\" data-element_type=\"section\">\n\t\t\t\t\t\t<div class=\"elementor-container elementor-column-gap-default\">\n\t\t\t\t\t<div class=\"elementor-column elementor-col-50 elementor-inner-column elementor-element elementor-element-9eb161e\" data-id=\"9eb161e\" data-element_type=\"column\">\n\t\t\t<div class=\"elementor-widget-wrap\">\n\t\t\t\t\t\t\t\t\t<\/div>\n\t\t<\/div>\n\t\t\t\t<div class=\"elementor-column elementor-col-50 elementor-inner-column elementor-element elementor-element-e6edb9b\" data-id=\"e6edb9b\" data-element_type=\"column\">\n\t\t\t<div class=\"elementor-widget-wrap\">\n\t\t\t\t\t\t\t\t\t<\/div>\n\t\t<\/div>\n\t\t\t\t\t\t\t<\/div>\n\t\t<\/section>\n\t\t\t\t\t<\/div>\n\t\t<\/div>\n\t\t\t\t\t\t\t<\/div>\n\t\t<\/section>\n\t\t\t\t\t\t\t<\/div>\n\t\t","protected":false},"excerpt":{"rendered":"<p>Le Mus\u00e9e se divise en quatre salles retra\u00e7ant le pass\u00e9 militaire de Cambrai. La premi\u00e8re est enti\u00e8rement consacr\u00e9e au 1er R.I. Une multitude de documents photographiques et mannequins agr\u00e9mentent cette pi\u00e8ce aux c\u00f4t\u00e9s des objets personnels ayant appartenu \u00e0 une figure embl\u00e9matique du R\u00e9giment: le G\u00e9n\u00e9ral Aubert Fr\u00e8re, commandant du 1er R.I entre 1919 et [&hellip;]<\/p>\n","protected":false},"author":1,"featured_media":0,"parent":0,"menu_order":0,"comment_status":"closed","ping_status":"closed","template":"","meta":{"footnotes":""},"class_list":["post-237","page","type-page","status-publish","hentry"],"_links":{"self":[{"href":"http:\/\/tank-cambrai.com\/fr\/wp-json\/wp\/v2\/pages\/237","targetHints":{"allow":["GET"]}}],"collection":[{"href":"http:\/\/tank-cambrai.com\/fr\/wp-json\/wp\/v2\/pages"}],"about":[{"href":"http:\/\/tank-cambrai.com\/fr\/wp-json\/wp\/v2\/types\/page"}],"author":[{"embeddable":true,"href":"http:\/\/tank-cambrai.com\/fr\/wp-json\/wp\/v2\/users\/1"}],"replies":[{"embeddable":true,"href":"http:\/\/tank-cambrai.com\/fr\/wp-json\/wp\/v2\/comments?post=237"}],"version-history":[{"count":22,"href":"http:\/\/tank-cambrai.com\/fr\/wp-json\/wp\/v2\/pages\/237\/revisions"}],"predecessor-version":[{"id":263,"href":"http:\/\/tank-cambrai.com\/fr\/wp-json\/wp\/v2\/pages\/237\/revisions\/263"}],"wp:attachment":[{"href":"http:\/\/tank-cambrai.com\/fr\/wp-json\/wp\/v2\/media?parent=237"}],"curies":[{"name":"wp","href":"https:\/\/api.w.org\/{rel}","templated":true}]}}