{"id":189,"date":"2022-09-15T12:38:24","date_gmt":"2022-09-15T10:38:24","guid":{"rendered":"http:\/\/tank-cambrai.com\/fr\/?page_id=189"},"modified":"2022-09-15T12:49:58","modified_gmt":"2022-09-15T10:49:58","slug":"la-tranchee","status":"publish","type":"page","link":"http:\/\/tank-cambrai.com\/fr\/la-tranchee\/","title":{"rendered":"La tranch\u00e9e"},"content":{"rendered":"\t\t<div data-elementor-type=\"wp-page\" data-elementor-id=\"189\" class=\"elementor elementor-189\">\n\t\t\t\t\t\t\t\t\t<section class=\"elementor-section elementor-top-section elementor-element elementor-element-eb6565b elementor-section-boxed elementor-section-height-default elementor-section-height-default\" data-id=\"eb6565b\" data-element_type=\"section\">\n\t\t\t\t\t\t\t<div class=\"elementor-background-overlay\"><\/div>\n\t\t\t\t\t\t\t<div class=\"elementor-container elementor-column-gap-default\">\n\t\t\t\t\t<div class=\"elementor-column elementor-col-100 elementor-top-column elementor-element elementor-element-1cbc2e93\" data-id=\"1cbc2e93\" data-element_type=\"column\">\n\t\t\t<div class=\"elementor-widget-wrap elementor-element-populated\">\n\t\t\t\t\t\t\t\t<div class=\"elementor-element elementor-element-10e12c7 elementor-widget elementor-widget-text-editor\" data-id=\"10e12c7\" data-element_type=\"widget\" data-widget_type=\"text-editor.default\">\n\t\t\t\t<div class=\"elementor-widget-container\">\n\t\t\t<style>\/*! elementor - v3.7.5 - 14-09-2022 *\/\n.elementor-widget-text-editor.elementor-drop-cap-view-stacked .elementor-drop-cap{background-color:#818a91;color:#fff}.elementor-widget-text-editor.elementor-drop-cap-view-framed .elementor-drop-cap{color:#818a91;border:3px solid;background-color:transparent}.elementor-widget-text-editor:not(.elementor-drop-cap-view-default) .elementor-drop-cap{margin-top:8px}.elementor-widget-text-editor:not(.elementor-drop-cap-view-default) .elementor-drop-cap-letter{width:1em;height:1em}.elementor-widget-text-editor .elementor-drop-cap{float:left;text-align:center;line-height:1;font-size:50px}.elementor-widget-text-editor .elementor-drop-cap-letter{display:inline-block}<\/style>\t\t\t\t<p>La tranch\u00e9e a \u00e9t\u00e9 construite en Octobre 2001 par la BBC pour la s\u00e9rie TV \u00ab\u00a0The Trench\u00a0\u00bb. Le r\u00e9sultat final \u00e9tait si r\u00e9aliste qu\u2019il nous semblait important de le sauvegarder \u00e0 des fins \u00e9ducatives et pour que d&rsquo;autres puissent s&rsquo;en inspirer. L&rsquo;association a donc achet\u00e9 le terrain. Tant que son \u00e9tat le permettait, les visites des scolaires et celles des passionn\u00e9s des champs de bataille, s\u2019y sont succ\u00e9d\u00e9es. Offrant de nombreux avantages, il allait devenir aussi un site reconnu pour les tournages sur la Premi\u00e8re Guerre. Christian Carion s\u2019en est inspir\u00e9 pour son film \u00ab Joyeux No\u00ebl \u00bb. Stephane Barbato, pour sa fiction \u00ab Play The Game \u00bb tir\u00e9e d\u2019une histoire vraie o\u00f9 le Capitaine W.P. Nevill et ses hommes sont mont\u00e9s \u00e0 l\u2019attaque avec fusils et ballons de football !!!( la musique est sign\u00e9e par Ennio Moricone !). Lydie Bricout y a r\u00e9alis\u00e9 un magnifique court-m\u00e9trage <a href=\"http:\/\/tank-cambrai.com\/fr\/wp-content\/uploads\/2022\/09\/les-saisons-de-lame.jpg\" target=\"_blank\" rel=\"noopener\">\u00ab Les Saisons de l\u2019Ame \u00bb<\/a>. France 2 et Philippe La\u00efk ont tourn\u00e9 \u00ab Le Voyage de la Veuve \u00bb qui sera diffus\u00e9 au moment des comm\u00e9morations du 11 novembre 2008, tout comme le film historique \u00ab La Flamme du Souvenir \u00bb command\u00e9 par le Conseil G\u00e9n\u00e9ral de la Vend\u00e9e.<\/p><p>Bien que la tranch\u00e9e soit toujours l\u00e0, elle se d\u00e9grade. Les mat\u00e9riaux naturels utilis\u00e9s par la BBC lors de sa construction n&rsquo;avaient pas pour vocation de perdurer. Le bois, les parapets, les caillebotis, non trait\u00e9s ont subi les outrages du temps, des intemp\u00e9ries, de la v\u00e9g\u00e9tation\u2026 D\u2019autre part, bien que l&#8217;emplacement ait \u00e9t\u00e9 compl\u00e8tement cl\u00f4tur\u00e9, certains chasseurs de souvenirs et visiteurs manquant de respect continuent de participer grandement \u00e0 la d\u00e9gradation du site. Nous essayons de lutter contre toutes ces d\u00e9t\u00e9riorations en effectuant des r\u00e9parations r\u00e9guli\u00e8res. Malheureusement, pour des raisons de s\u00e9curit\u00e9 \u00e9vidente, il ne nous est plus possible de laisser l\u2019acc\u00e8s de la tranch\u00e9e au public. Seule l\u2019utilisation du site par des tournages, pour des groupes de reconstitutions historiques&#8230; y est permise sous r\u00e9serve de notre autorisation.<\/p>\t\t\t\t\t\t<\/div>\n\t\t\t\t<\/div>\n\t\t\t\t<div class=\"elementor-element elementor-element-e807307 elementor-widget elementor-widget-image-gallery\" data-id=\"e807307\" data-element_type=\"widget\" data-widget_type=\"image-gallery.default\">\n\t\t\t\t<div class=\"elementor-widget-container\">\n\t\t\t<style>\/*! elementor - v3.7.5 - 14-09-2022 *\/\n.elementor-image-gallery .gallery-item{display:inline-block;text-align:center;vertical-align:top;width:100%;max-width:100%;margin:0 auto}.elementor-image-gallery .gallery-item img{margin:0 auto}.elementor-image-gallery .gallery-item .gallery-caption{margin:0}.elementor-image-gallery figure img{display:block}.elementor-image-gallery figure figcaption{width:100%}.gallery-spacing-custom .elementor-image-gallery .gallery-icon{padding:0}@media (min-width:768px){.elementor-image-gallery .gallery-columns-2 .gallery-item{max-width:50%}.elementor-image-gallery .gallery-columns-3 .gallery-item{max-width:33.33%}.elementor-image-gallery .gallery-columns-4 .gallery-item{max-width:25%}.elementor-image-gallery .gallery-columns-5 .gallery-item{max-width:20%}.elementor-image-gallery .gallery-columns-6 .gallery-item{max-width:16.666%}.elementor-image-gallery .gallery-columns-7 .gallery-item{max-width:14.28%}.elementor-image-gallery .gallery-columns-8 .gallery-item{max-width:12.5%}.elementor-image-gallery .gallery-columns-9 .gallery-item{max-width:11.11%}.elementor-image-gallery .gallery-columns-10 .gallery-item{max-width:10%}}@media (min-width:480px) and (max-width:767px){.elementor-image-gallery .gallery.gallery-columns-2 .gallery-item,.elementor-image-gallery .gallery.gallery-columns-3 .gallery-item,.elementor-image-gallery .gallery.gallery-columns-4 .gallery-item,.elementor-image-gallery .gallery.gallery-columns-5 .gallery-item,.elementor-image-gallery .gallery.gallery-columns-6 .gallery-item,.elementor-image-gallery .gallery.gallery-columns-7 .gallery-item,.elementor-image-gallery .gallery.gallery-columns-8 .gallery-item,.elementor-image-gallery .gallery.gallery-columns-9 .gallery-item,.elementor-image-gallery .gallery.gallery-columns-10 .gallery-item{max-width:50%}}@media (max-width:479px){.elementor-image-gallery .gallery.gallery-columns-2 .gallery-item,.elementor-image-gallery .gallery.gallery-columns-3 .gallery-item,.elementor-image-gallery .gallery.gallery-columns-4 .gallery-item,.elementor-image-gallery .gallery.gallery-columns-5 .gallery-item,.elementor-image-gallery .gallery.gallery-columns-6 .gallery-item,.elementor-image-gallery .gallery.gallery-columns-7 .gallery-item,.elementor-image-gallery .gallery.gallery-columns-8 .gallery-item,.elementor-image-gallery .gallery.gallery-columns-9 .gallery-item,.elementor-image-gallery .gallery.gallery-columns-10 .gallery-item{max-width:100%}}<\/style>\t\t<div class=\"elementor-image-gallery\">\n\t\t\t<div id='gallery-1' class='gallery galleryid-189 gallery-columns-3 gallery-size-full'><figure class='gallery-item'>\n\t\t\t<div class='gallery-icon landscape'>\n\t\t\t\t<a data-elementor-open-lightbox=\"yes\" data-elementor-lightbox-slideshow=\"e807307\" data-elementor-lightbox-title=\"trench_1\" e-action-hash=\"#elementor-action%3Aaction%3Dlightbox%26settings%3DeyJpZCI6MjAyLCJ1cmwiOiJodHRwOlwvXC90YW5rLWNhbWJyYWkuY29tXC9mclwvd3AtY29udGVudFwvdXBsb2Fkc1wvMjAyMlwvMDlcL3RyZW5jaF8xLmpwZyIsInNsaWRlc2hvdyI6ImU4MDczMDcifQ%3D%3D\" href='http:\/\/tank-cambrai.com\/fr\/wp-content\/uploads\/2022\/09\/trench_1.jpg'><img loading=\"lazy\" decoding=\"async\" width=\"1000\" height=\"563\" src=\"http:\/\/tank-cambrai.com\/fr\/wp-content\/uploads\/2022\/09\/trench_1.jpg\" class=\"attachment-full size-full\" alt=\"\" aria-describedby=\"gallery-1-202\" srcset=\"http:\/\/tank-cambrai.com\/fr\/wp-content\/uploads\/2022\/09\/trench_1.jpg 1000w, http:\/\/tank-cambrai.com\/fr\/wp-content\/uploads\/2022\/09\/trench_1-300x169.jpg 300w, http:\/\/tank-cambrai.com\/fr\/wp-content\/uploads\/2022\/09\/trench_1-768x432.jpg 768w\" sizes=\"auto, (max-width: 1000px) 100vw, 1000px\" \/><\/a>\n\t\t\t<\/div>\n\t\t\t\t<figcaption class='wp-caption-text gallery-caption' id='gallery-1-202'>\n\t\t\t\tTournage de \u00ab\u00a0La flamme du souvenir\u00a0\u00bb Conseil G\u00e9n\u00e9ral Vend\u00e9e. 2008\n\t\t\t\t<\/figcaption><\/figure><figure class='gallery-item'>\n\t\t\t<div class='gallery-icon landscape'>\n\t\t\t\t<a data-elementor-open-lightbox=\"yes\" data-elementor-lightbox-slideshow=\"e807307\" data-elementor-lightbox-title=\"trench_6\" e-action-hash=\"#elementor-action%3Aaction%3Dlightbox%26settings%3DeyJpZCI6MjAzLCJ1cmwiOiJodHRwOlwvXC90YW5rLWNhbWJyYWkuY29tXC9mclwvd3AtY29udGVudFwvdXBsb2Fkc1wvMjAyMlwvMDlcL3RyZW5jaF82LmpwZyIsInNsaWRlc2hvdyI6ImU4MDczMDcifQ%3D%3D\" href='http:\/\/tank-cambrai.com\/fr\/wp-content\/uploads\/2022\/09\/trench_6.jpg'><img loading=\"lazy\" decoding=\"async\" width=\"1000\" height=\"750\" src=\"http:\/\/tank-cambrai.com\/fr\/wp-content\/uploads\/2022\/09\/trench_6.jpg\" class=\"attachment-full size-full\" alt=\"\" aria-describedby=\"gallery-1-203\" srcset=\"http:\/\/tank-cambrai.com\/fr\/wp-content\/uploads\/2022\/09\/trench_6.jpg 1000w, http:\/\/tank-cambrai.com\/fr\/wp-content\/uploads\/2022\/09\/trench_6-300x225.jpg 300w, http:\/\/tank-cambrai.com\/fr\/wp-content\/uploads\/2022\/09\/trench_6-768x576.jpg 768w\" sizes=\"auto, (max-width: 1000px) 100vw, 1000px\" \/><\/a>\n\t\t\t<\/div>\n\t\t\t\t<figcaption class='wp-caption-text gallery-caption' id='gallery-1-203'>\n\t\t\t\tFilm de Philippe La\u00efk: \u00ab\u00a0Le voyage de la Veuve\u00a0\u00bb France 2. 2008\n\t\t\t\t<\/figcaption><\/figure><figure class='gallery-item'>\n\t\t\t<div class='gallery-icon landscape'>\n\t\t\t\t<a data-elementor-open-lightbox=\"yes\" data-elementor-lightbox-slideshow=\"e807307\" data-elementor-lightbox-title=\"trench_5\" e-action-hash=\"#elementor-action%3Aaction%3Dlightbox%26settings%3DeyJpZCI6MjA0LCJ1cmwiOiJodHRwOlwvXC90YW5rLWNhbWJyYWkuY29tXC9mclwvd3AtY29udGVudFwvdXBsb2Fkc1wvMjAyMlwvMDlcL3RyZW5jaF81LmpwZyIsInNsaWRlc2hvdyI6ImU4MDczMDcifQ%3D%3D\" href='http:\/\/tank-cambrai.com\/fr\/wp-content\/uploads\/2022\/09\/trench_5.jpg'><img loading=\"lazy\" decoding=\"async\" width=\"1172\" height=\"770\" src=\"http:\/\/tank-cambrai.com\/fr\/wp-content\/uploads\/2022\/09\/trench_5.jpg\" class=\"attachment-full size-full\" alt=\"\" aria-describedby=\"gallery-1-204\" srcset=\"http:\/\/tank-cambrai.com\/fr\/wp-content\/uploads\/2022\/09\/trench_5.jpg 1172w, http:\/\/tank-cambrai.com\/fr\/wp-content\/uploads\/2022\/09\/trench_5-300x197.jpg 300w, http:\/\/tank-cambrai.com\/fr\/wp-content\/uploads\/2022\/09\/trench_5-1024x673.jpg 1024w, http:\/\/tank-cambrai.com\/fr\/wp-content\/uploads\/2022\/09\/trench_5-768x505.jpg 768w\" sizes=\"auto, (max-width: 1172px) 100vw, 1172px\" \/><\/a>\n\t\t\t<\/div>\n\t\t\t\t<figcaption class='wp-caption-text gallery-caption' id='gallery-1-204'>\n\t\t\t\tManchester Regiment, groupe de reconstitution historique. 2002\n\t\t\t\t<\/figcaption><\/figure><figure class='gallery-item'>\n\t\t\t<div class='gallery-icon landscape'>\n\t\t\t\t<a data-elementor-open-lightbox=\"yes\" data-elementor-lightbox-slideshow=\"e807307\" data-elementor-lightbox-title=\"trench_4\" e-action-hash=\"#elementor-action%3Aaction%3Dlightbox%26settings%3DeyJpZCI6MjA1LCJ1cmwiOiJodHRwOlwvXC90YW5rLWNhbWJyYWkuY29tXC9mclwvd3AtY29udGVudFwvdXBsb2Fkc1wvMjAyMlwvMDlcL3RyZW5jaF80LmpwZyIsInNsaWRlc2hvdyI6ImU4MDczMDcifQ%3D%3D\" href='http:\/\/tank-cambrai.com\/fr\/wp-content\/uploads\/2022\/09\/trench_4.jpg'><img loading=\"lazy\" decoding=\"async\" width=\"1194\" height=\"792\" src=\"http:\/\/tank-cambrai.com\/fr\/wp-content\/uploads\/2022\/09\/trench_4.jpg\" class=\"attachment-full size-full\" alt=\"\" aria-describedby=\"gallery-1-205\" srcset=\"http:\/\/tank-cambrai.com\/fr\/wp-content\/uploads\/2022\/09\/trench_4.jpg 1194w, http:\/\/tank-cambrai.com\/fr\/wp-content\/uploads\/2022\/09\/trench_4-300x199.jpg 300w, http:\/\/tank-cambrai.com\/fr\/wp-content\/uploads\/2022\/09\/trench_4-1024x679.jpg 1024w, http:\/\/tank-cambrai.com\/fr\/wp-content\/uploads\/2022\/09\/trench_4-768x509.jpg 768w\" sizes=\"auto, (max-width: 1194px) 100vw, 1194px\" \/><\/a>\n\t\t\t<\/div>\n\t\t\t\t<figcaption class='wp-caption-text gallery-caption' id='gallery-1-205'>\n\t\t\t\tManchester Regiment, groupe de reconstitution historique. 2002\n\t\t\t\t<\/figcaption><\/figure><figure class='gallery-item'>\n\t\t\t<div class='gallery-icon landscape'>\n\t\t\t\t<a data-elementor-open-lightbox=\"yes\" data-elementor-lightbox-slideshow=\"e807307\" data-elementor-lightbox-title=\"trench_3\" e-action-hash=\"#elementor-action%3Aaction%3Dlightbox%26settings%3DeyJpZCI6MjA2LCJ1cmwiOiJodHRwOlwvXC90YW5rLWNhbWJyYWkuY29tXC9mclwvd3AtY29udGVudFwvdXBsb2Fkc1wvMjAyMlwvMDlcL3RyZW5jaF8zLmpwZyIsInNsaWRlc2hvdyI6ImU4MDczMDcifQ%3D%3D\" href='http:\/\/tank-cambrai.com\/fr\/wp-content\/uploads\/2022\/09\/trench_3.jpg'><img loading=\"lazy\" decoding=\"async\" width=\"1185\" height=\"798\" src=\"http:\/\/tank-cambrai.com\/fr\/wp-content\/uploads\/2022\/09\/trench_3.jpg\" class=\"attachment-full size-full\" alt=\"\" aria-describedby=\"gallery-1-206\" srcset=\"http:\/\/tank-cambrai.com\/fr\/wp-content\/uploads\/2022\/09\/trench_3.jpg 1185w, http:\/\/tank-cambrai.com\/fr\/wp-content\/uploads\/2022\/09\/trench_3-300x202.jpg 300w, http:\/\/tank-cambrai.com\/fr\/wp-content\/uploads\/2022\/09\/trench_3-1024x690.jpg 1024w, http:\/\/tank-cambrai.com\/fr\/wp-content\/uploads\/2022\/09\/trench_3-768x517.jpg 768w\" sizes=\"auto, (max-width: 1185px) 100vw, 1185px\" \/><\/a>\n\t\t\t<\/div>\n\t\t\t\t<figcaption class='wp-caption-text gallery-caption' id='gallery-1-206'>\n\t\t\t\tManchester Regiment, groupe de reconstitution historique. 2002\n\t\t\t\t<\/figcaption><\/figure><figure class='gallery-item'>\n\t\t\t<div class='gallery-icon landscape'>\n\t\t\t\t<a data-elementor-open-lightbox=\"yes\" data-elementor-lightbox-slideshow=\"e807307\" data-elementor-lightbox-title=\"trench_2\" e-action-hash=\"#elementor-action%3Aaction%3Dlightbox%26settings%3DeyJpZCI6MjA3LCJ1cmwiOiJodHRwOlwvXC90YW5rLWNhbWJyYWkuY29tXC9mclwvd3AtY29udGVudFwvdXBsb2Fkc1wvMjAyMlwvMDlcL3RyZW5jaF8yLmpwZyIsInNsaWRlc2hvdyI6ImU4MDczMDcifQ%3D%3D\" href='http:\/\/tank-cambrai.com\/fr\/wp-content\/uploads\/2022\/09\/trench_2.jpg'><img loading=\"lazy\" decoding=\"async\" width=\"1134\" height=\"753\" src=\"http:\/\/tank-cambrai.com\/fr\/wp-content\/uploads\/2022\/09\/trench_2.jpg\" class=\"attachment-full size-full\" alt=\"\" aria-describedby=\"gallery-1-207\" srcset=\"http:\/\/tank-cambrai.com\/fr\/wp-content\/uploads\/2022\/09\/trench_2.jpg 1134w, http:\/\/tank-cambrai.com\/fr\/wp-content\/uploads\/2022\/09\/trench_2-300x199.jpg 300w, http:\/\/tank-cambrai.com\/fr\/wp-content\/uploads\/2022\/09\/trench_2-1024x680.jpg 1024w, http:\/\/tank-cambrai.com\/fr\/wp-content\/uploads\/2022\/09\/trench_2-768x510.jpg 768w\" sizes=\"auto, (max-width: 1134px) 100vw, 1134px\" \/><\/a>\n\t\t\t<\/div>\n\t\t\t\t<figcaption class='wp-caption-text gallery-caption' id='gallery-1-207'>\n\t\t\t\tLa tranch\u00e9e lors du tournage de \u00ab\u00a0The Trench\u00a0\u00bb BBC. 2001\n\t\t\t\t<\/figcaption><\/figure>\n\t\t<\/div>\n\t\t<\/div>\n\t\t\t\t<\/div>\n\t\t\t\t<\/div>\n\t\t\t\t\t<\/div>\n\t\t<\/div>\n\t\t\t\t\t\t\t<\/div>\n\t\t<\/section>\n\t\t\t\t\t\t\t<\/div>\n\t\t","protected":false},"excerpt":{"rendered":"<p>La tranch\u00e9e a \u00e9t\u00e9 construite en Octobre 2001 par la BBC pour la s\u00e9rie TV \u00ab\u00a0The Trench\u00a0\u00bb. Le r\u00e9sultat final \u00e9tait si r\u00e9aliste qu\u2019il nous semblait important de le sauvegarder \u00e0 des fins \u00e9ducatives et pour que d&rsquo;autres puissent s&rsquo;en inspirer. L&rsquo;association a donc achet\u00e9 le terrain. Tant que son \u00e9tat le permettait, les visites [&hellip;]<\/p>\n","protected":false},"author":1,"featured_media":0,"parent":0,"menu_order":0,"comment_status":"closed","ping_status":"closed","template":"","meta":{"footnotes":""},"class_list":["post-189","page","type-page","status-publish","hentry"],"_links":{"self":[{"href":"http:\/\/tank-cambrai.com\/fr\/wp-json\/wp\/v2\/pages\/189","targetHints":{"allow":["GET"]}}],"collection":[{"href":"http:\/\/tank-cambrai.com\/fr\/wp-json\/wp\/v2\/pages"}],"about":[{"href":"http:\/\/tank-cambrai.com\/fr\/wp-json\/wp\/v2\/types\/page"}],"author":[{"embeddable":true,"href":"http:\/\/tank-cambrai.com\/fr\/wp-json\/wp\/v2\/users\/1"}],"replies":[{"embeddable":true,"href":"http:\/\/tank-cambrai.com\/fr\/wp-json\/wp\/v2\/comments?post=189"}],"version-history":[{"count":20,"href":"http:\/\/tank-cambrai.com\/fr\/wp-json\/wp\/v2\/pages\/189\/revisions"}],"predecessor-version":[{"id":219,"href":"http:\/\/tank-cambrai.com\/fr\/wp-json\/wp\/v2\/pages\/189\/revisions\/219"}],"wp:attachment":[{"href":"http:\/\/tank-cambrai.com\/fr\/wp-json\/wp\/v2\/media?parent=189"}],"curies":[{"name":"wp","href":"https:\/\/api.w.org\/{rel}","templated":true}]}}