{"id":171,"date":"2022-09-15T12:26:18","date_gmt":"2022-09-15T10:26:18","guid":{"rendered":"http:\/\/tank-cambrai.com\/fr\/?page_id=171"},"modified":"2022-09-15T12:29:08","modified_gmt":"2022-09-15T10:29:08","slug":"le-monument","status":"publish","type":"page","link":"http:\/\/tank-cambrai.com\/fr\/le-monument\/","title":{"rendered":"Le monument"},"content":{"rendered":"\t\t<div data-elementor-type=\"wp-page\" data-elementor-id=\"171\" class=\"elementor elementor-171\">\n\t\t\t\t\t\t\t\t\t<section class=\"elementor-section elementor-top-section elementor-element elementor-element-25fcf9a2 elementor-section-boxed elementor-section-height-default elementor-section-height-default\" data-id=\"25fcf9a2\" data-element_type=\"section\">\n\t\t\t\t\t\t\t<div class=\"elementor-background-overlay\"><\/div>\n\t\t\t\t\t\t\t<div class=\"elementor-container elementor-column-gap-default\">\n\t\t\t\t\t<div class=\"elementor-column elementor-col-100 elementor-top-column elementor-element elementor-element-2cadd08a\" data-id=\"2cadd08a\" data-element_type=\"column\">\n\t\t\t<div class=\"elementor-widget-wrap elementor-element-populated\">\n\t\t\t\t\t\t\t\t<section class=\"elementor-section elementor-inner-section elementor-element elementor-element-ab623c8 elementor-section-boxed elementor-section-height-default elementor-section-height-default\" data-id=\"ab623c8\" data-element_type=\"section\">\n\t\t\t\t\t\t<div class=\"elementor-container elementor-column-gap-default\">\n\t\t\t\t\t<div class=\"elementor-column elementor-col-50 elementor-inner-column elementor-element elementor-element-573bdd6\" data-id=\"573bdd6\" data-element_type=\"column\">\n\t\t\t<div class=\"elementor-widget-wrap elementor-element-populated\">\n\t\t\t\t\t\t\t\t<div class=\"elementor-element elementor-element-41246d6 elementor-widget elementor-widget-image\" data-id=\"41246d6\" data-element_type=\"widget\" data-widget_type=\"image.default\">\n\t\t\t\t<div class=\"elementor-widget-container\">\n\t\t\t<style>\/*! elementor - v3.7.5 - 14-09-2022 *\/\n.elementor-widget-image{text-align:center}.elementor-widget-image a{display:inline-block}.elementor-widget-image a img[src$=\".svg\"]{width:48px}.elementor-widget-image img{vertical-align:middle;display:inline-block}<\/style>\t\t\t\t\t\t\t\t\t<figure class=\"wp-caption\">\n\t\t\t\t\t\t\t\t\t\t<img loading=\"lazy\" decoding=\"async\" width=\"400\" height=\"276\" src=\"http:\/\/tank-cambrai.com\/fr\/wp-content\/uploads\/2022\/09\/dessin-du-monument.jpg\" class=\"attachment-large size-large\" alt=\"Dessin du monument fait par un artiste\" srcset=\"http:\/\/tank-cambrai.com\/fr\/wp-content\/uploads\/2022\/09\/dessin-du-monument.jpg 400w, http:\/\/tank-cambrai.com\/fr\/wp-content\/uploads\/2022\/09\/dessin-du-monument-300x207.jpg 300w\" sizes=\"auto, (max-width: 400px) 100vw, 400px\" \/>\t\t\t\t\t\t\t\t\t\t\t<figcaption class=\"widget-image-caption wp-caption-text\">Dessin du monument fait par un artiste<\/figcaption>\n\t\t\t\t\t\t\t\t\t\t<\/figure>\n\t\t\t\t\t\t\t\t\t<\/div>\n\t\t\t\t<\/div>\n\t\t\t\t\t<\/div>\n\t\t<\/div>\n\t\t\t\t<div class=\"elementor-column elementor-col-50 elementor-inner-column elementor-element elementor-element-43d22f9\" data-id=\"43d22f9\" data-element_type=\"column\">\n\t\t\t<div class=\"elementor-widget-wrap elementor-element-populated\">\n\t\t\t\t\t\t\t\t<div class=\"elementor-element elementor-element-dba1908 elementor-widget elementor-widget-image\" data-id=\"dba1908\" data-element_type=\"widget\" data-widget_type=\"image.default\">\n\t\t\t\t<div class=\"elementor-widget-container\">\n\t\t\t\t\t\t\t\t\t\t\t\t<figure class=\"wp-caption\">\n\t\t\t\t\t\t\t\t\t\t<img loading=\"lazy\" decoding=\"async\" width=\"400\" height=\"300\" src=\"http:\/\/tank-cambrai.com\/fr\/wp-content\/uploads\/2022\/09\/trace-de-chenille.jpg\" class=\"attachment-large size-large\" alt=\"Reconstitution de trace de chenille et de pas de soldats sur le monument\" srcset=\"http:\/\/tank-cambrai.com\/fr\/wp-content\/uploads\/2022\/09\/trace-de-chenille.jpg 400w, http:\/\/tank-cambrai.com\/fr\/wp-content\/uploads\/2022\/09\/trace-de-chenille-300x225.jpg 300w\" sizes=\"auto, (max-width: 400px) 100vw, 400px\" \/>\t\t\t\t\t\t\t\t\t\t\t<figcaption class=\"widget-image-caption wp-caption-text\">Reconstitution de trace de chenille de Deborah et de pas de soldats<\/figcaption>\n\t\t\t\t\t\t\t\t\t\t<\/figure>\n\t\t\t\t\t\t\t\t\t<\/div>\n\t\t\t\t<\/div>\n\t\t\t\t\t<\/div>\n\t\t<\/div>\n\t\t\t\t\t\t\t<\/div>\n\t\t<\/section>\n\t\t\t\t<div class=\"elementor-element elementor-element-3d875b7 elementor-widget elementor-widget-text-editor\" data-id=\"3d875b7\" data-element_type=\"widget\" data-widget_type=\"text-editor.default\">\n\t\t\t\t<div class=\"elementor-widget-container\">\n\t\t\t<style>\/*! elementor - v3.7.5 - 14-09-2022 *\/\n.elementor-widget-text-editor.elementor-drop-cap-view-stacked .elementor-drop-cap{background-color:#818a91;color:#fff}.elementor-widget-text-editor.elementor-drop-cap-view-framed .elementor-drop-cap{color:#818a91;border:3px solid;background-color:transparent}.elementor-widget-text-editor:not(.elementor-drop-cap-view-default) .elementor-drop-cap{margin-top:8px}.elementor-widget-text-editor:not(.elementor-drop-cap-view-default) .elementor-drop-cap-letter{width:1em;height:1em}.elementor-widget-text-editor .elementor-drop-cap{float:left;text-align:center;line-height:1;font-size:50px}.elementor-widget-text-editor .elementor-drop-cap-letter{display:inline-block}<\/style>\t\t\t\t<p>Le monument a \u00e9t\u00e9 \u00e9rig\u00e9 pour rendre hommage aux hommes des nations qui ont combattu, ont souffert ou sont morts dans le Cambr\u00e9sis pendant la Grande Guerre. Les all\u00e9es du monument repr\u00e9sentent symboliquement le drapeau britannique \u00ab\u00a0L&rsquo;Union Jack\u00a0\u00bb. Chacune se dirige vers un des hauts lieux du champ de bataille. L&rsquo;une d&rsquo;elles conduit \u00e0 la table d&rsquo;orientation.<br \/>Au centre, le b\u00e9ton repr\u00e9sente la ligne Hindenburg et ses bunkers. Il est marqu\u00e9 par l&#8217;empreinte des chenilles d&rsquo;un tank prenant la direction de Cambrai, suivi par les pas de l&rsquo;infanterie, signes que le syst\u00e8me de d\u00e9fense allemand a \u00e9t\u00e9 travers\u00e9.<br \/>Le demi-cercle en brique montre l&#8217;emplacement du moulin, point de rep\u00e8re strat\u00e9gique, d\u00e9truit par l&rsquo;arm\u00e9e allemande. Au m\u00eame endroit ses soldats y creus\u00e8rent une tranch\u00e9e principale.<br \/>Les pavillons sont ceux des nations combattantes pr\u00e9sentes ici entre 1914 et 1918.<br \/>Sur le muret sont inscrits les noms des r\u00e9giments des arm\u00e9es alli\u00e9es engag\u00e9es.<\/p>\t\t\t\t\t\t<\/div>\n\t\t\t\t<\/div>\n\t\t\t\t\t<\/div>\n\t\t<\/div>\n\t\t\t\t\t\t\t<\/div>\n\t\t<\/section>\n\t\t\t\t\t\t\t<\/div>\n\t\t","protected":false},"excerpt":{"rendered":"<p>Dessin du monument fait par un artiste Reconstitution de trace de chenille de Deborah et de pas de soldats Le monument a \u00e9t\u00e9 \u00e9rig\u00e9 pour rendre hommage aux hommes des nations qui ont combattu, ont souffert ou sont morts dans le Cambr\u00e9sis pendant la Grande Guerre. Les all\u00e9es du monument repr\u00e9sentent symboliquement le drapeau britannique [&hellip;]<\/p>\n","protected":false},"author":1,"featured_media":0,"parent":0,"menu_order":0,"comment_status":"closed","ping_status":"closed","template":"","meta":{"footnotes":""},"class_list":["post-171","page","type-page","status-publish","hentry"],"_links":{"self":[{"href":"http:\/\/tank-cambrai.com\/fr\/wp-json\/wp\/v2\/pages\/171","targetHints":{"allow":["GET"]}}],"collection":[{"href":"http:\/\/tank-cambrai.com\/fr\/wp-json\/wp\/v2\/pages"}],"about":[{"href":"http:\/\/tank-cambrai.com\/fr\/wp-json\/wp\/v2\/types\/page"}],"author":[{"embeddable":true,"href":"http:\/\/tank-cambrai.com\/fr\/wp-json\/wp\/v2\/users\/1"}],"replies":[{"embeddable":true,"href":"http:\/\/tank-cambrai.com\/fr\/wp-json\/wp\/v2\/comments?post=171"}],"version-history":[{"count":7,"href":"http:\/\/tank-cambrai.com\/fr\/wp-json\/wp\/v2\/pages\/171\/revisions"}],"predecessor-version":[{"id":185,"href":"http:\/\/tank-cambrai.com\/fr\/wp-json\/wp\/v2\/pages\/171\/revisions\/185"}],"wp:attachment":[{"href":"http:\/\/tank-cambrai.com\/fr\/wp-json\/wp\/v2\/media?parent=171"}],"curies":[{"name":"wp","href":"https:\/\/api.w.org\/{rel}","templated":true}]}}